{"id":13907,"date":"2023-05-08T09:56:08","date_gmt":"2023-05-08T09:56:08","guid":{"rendered":"https:\/\/eduma.thimpress.com\/demo-learning-platform\/?page_id=13907"},"modified":"2025-09-05T18:07:36","modified_gmt":"2025-09-05T16:07:36","slug":"home","status":"publish","type":"page","link":"https:\/\/deutschimquadrat.com\/en\/","title":{"rendered":"Home"},"content":{"rendered":"<div data-elementor-type=\"wp-page\" data-elementor-id=\"13907\" class=\"elementor elementor-13907\" data-elementor-post-type=\"page\">\n\t\t\t\t<div class=\"elementor-element elementor-element-d0cdd87 e-flex e-con-boxed e-con e-parent\" data-id=\"d0cdd87\" data-element_type=\"container\" data-e-type=\"container\" data-settings=\"{&quot;background_background&quot;:&quot;classic&quot;}\">\n\t\t\t\t\t<div class=\"e-con-inner\">\n\t\t<div class=\"elementor-element elementor-element-a4cbe02 e-con-full e-flex e-con e-child\" data-id=\"a4cbe02\" data-element_type=\"container\" data-e-type=\"container\">\n\t\t\t\t<div class=\"elementor-element elementor-element-c3be116 elementor-widget elementor-widget-heading\" data-id=\"c3be116\" data-element_type=\"widget\" data-e-type=\"widget\" data-widget_type=\"heading.default\">\n\t\t\t\t<div class=\"elementor-widget-container\">\n\t\t\t\t\t<p class=\"elementor-heading-title elementor-size-default\">Deine Sprachreise beginnt hier<\/p>\t\t\t\t<\/div>\n\t\t\t\t<\/div>\n\t\t\t\t<div class=\"elementor-element elementor-element-6c0b4a1 elementor-widget__width-auto elementor-widget elementor-widget-heading\" data-id=\"6c0b4a1\" data-element_type=\"widget\" data-e-type=\"widget\" data-widget_type=\"heading.default\">\n\t\t\t\t<div class=\"elementor-widget-container\">\n\t\t\t\t\t<h1 class=\"elementor-heading-title elementor-size-default\">Deutschimquadrat<\/h1>\t\t\t\t<\/div>\n\t\t\t\t<\/div>\n\t\t\t\t<\/div>\n\t\t\t\t\t<\/div>\n\t\t\t\t<\/div>\n\t\t<div class=\"elementor-element elementor-element-7068de0 e-flex e-con-boxed e-con e-parent\" data-id=\"7068de0\" data-element_type=\"container\" data-e-type=\"container\">\n\t\t\t\t\t<div class=\"e-con-inner\">\n\t\t\t\t\t<\/div>\n\t\t\t\t<\/div>\n\t\t<div class=\"elementor-element elementor-element-10f96f0 categories-column e-flex e-con-boxed e-con e-parent\" data-id=\"10f96f0\" data-element_type=\"container\" data-e-type=\"container\" data-settings=\"{&quot;position&quot;:&quot;fixed&quot;}\">\n\t\t\t\t\t<div class=\"e-con-inner\">\n\t\t\t\t<div class=\"elementor-element elementor-element-08a39d7 categories-popup elementor-widget thim-ekits-heading elementor-widget-thim-heading\" data-id=\"08a39d7\" data-element_type=\"widget\" data-e-type=\"widget\" data-widget_type=\"thim-heading.default\">\n\t\t\t\t<div class=\"elementor-widget-container\">\n\t\t\t\t\t<div class=\"sc_heading\"><h3 class=\"title\">Course categories <\/h3><div class=\"sub-heading\"><p>Pick a subject and start learning<\/p>\n<\/div><\/div>\t\t\t\t<\/div>\n\t\t\t\t<\/div>\n\t\t\t\t<div class=\"elementor-element elementor-element-564a75f categories-popup elementor-widget thim-widget-course-categories thim-ekits-course-category\" data-id=\"564a75f\" data-element_type=\"widget\" data-e-type=\"widget\" data-widget_type=\"thim-course-categories.default\">\n\t\t\t\t<div class=\"elementor-widget-container\">\n\t\t\t\t\t<h3 class=\"widget-title\"><\/h3><ul class=\"use-img-icon click-show-sub\">\n\t<\/ul>\n\t\t\t\t<\/div>\n\t\t\t\t<\/div>\n\t\t\t\t\t<\/div>\n\t\t\t\t<\/div>\n\t\t<div class=\"elementor-element elementor-element-a864d00 e-flex e-con-boxed e-con e-parent\" data-id=\"a864d00\" data-element_type=\"container\" data-e-type=\"container\">\n\t\t\t\t\t<div class=\"e-con-inner\">\n\t\t<div class=\"elementor-element elementor-element-8207f5c e-con-full e-flex e-con e-child\" data-id=\"8207f5c\" data-element_type=\"container\" data-e-type=\"container\">\n\t\t\t\t<div class=\"elementor-element elementor-element-5a9634e thim-ekits-heading-text-center elementor-widget thim-ekits-heading elementor-widget-thim-heading\" data-id=\"5a9634e\" data-element_type=\"widget\" data-e-type=\"widget\" data-widget_type=\"thim-heading.default\">\n\t\t\t\t<div class=\"elementor-widget-container\">\n\t\t\t\t\t<div class=\"sc_heading text-center\"><h2 class=\"title\">Lass dich auf deiner Sprachreise begleiten <\/h2><\/div>\t\t\t\t<\/div>\n\t\t\t\t<\/div>\n\t\t<div class=\"elementor-element elementor-element-5e20a08 e-con-full e-flex e-con e-child\" data-id=\"5e20a08\" data-element_type=\"container\" data-e-type=\"container\">\n\t\t\t\t<div class=\"elementor-element elementor-element-9d11550 elementor-widget elementor-widget-text-editor\" data-id=\"9d11550\" data-element_type=\"widget\" data-e-type=\"widget\" data-widget_type=\"text-editor.default\">\n\t\t\t\t<div class=\"elementor-widget-container\">\n\t\t\t\t\t\t\t\t\t<p>Willkommen bei DEUTSCHQUADRAT, deiner pers\u00f6nlichen E-Learning-Plattform zum Deutschlernen! Mit interaktiven Lektionen, praxisnahen und individuell f\u00fcr dich konzipierten \u00dcbungen helfen wir dir, dein Deutsch auf das n\u00e4chste Level zu bringen \u2013 ganz nach deinem Tempo.\u00a0<\/p>\t\t\t\t\t\t\t\t<\/div>\n\t\t\t\t<\/div>\n\t\t<div class=\"elementor-element elementor-element-ca38b31 e-con-full e-flex e-con e-child\" data-id=\"ca38b31\" data-element_type=\"container\" data-e-type=\"container\">\n\t\t\t\t<div class=\"elementor-element elementor-element-6a54a80 elementor-widget elementor-widget-button\" data-id=\"6a54a80\" data-element_type=\"widget\" data-e-type=\"widget\" data-widget_type=\"button.default\">\n\t\t\t\t<div class=\"elementor-widget-container\">\n\t\t\t\t\t\t\t\t\t<div class=\"elementor-button-wrapper\">\n\t\t\t\t\t<a class=\"elementor-button elementor-button-link elementor-size-sm\" href=\"https:\/\/deutschimquadrat.com\/individueller-sprachunterricht\/\">\n\t\t\t\t\t\t<span class=\"elementor-button-content-wrapper\">\n\t\t\t\t\t\t\t\t\t<span class=\"elementor-button-text\">Individueller Sprachunterricht<\/span>\n\t\t\t\t\t<\/span>\n\t\t\t\t\t<\/a>\n\t\t\t\t<\/div>\n\t\t\t\t\t\t\t\t<\/div>\n\t\t\t\t<\/div>\n\t\t\t\t<div class=\"elementor-element elementor-element-72d0b32 elementor-widget elementor-widget-button\" data-id=\"72d0b32\" data-element_type=\"widget\" data-e-type=\"widget\" data-widget_type=\"button.default\">\n\t\t\t\t<div class=\"elementor-widget-container\">\n\t\t\t\t\t\t\t\t\t<div class=\"elementor-button-wrapper\">\n\t\t\t\t\t<a class=\"elementor-button elementor-button-link elementor-size-sm\" href=\"https:\/\/deutschimquadrat.com\/kursangebote\/\">\n\t\t\t\t\t\t<span class=\"elementor-button-content-wrapper\">\n\t\t\t\t\t\t\t\t\t<span class=\"elementor-button-text\">Kursangebote<\/span>\n\t\t\t\t\t<\/span>\n\t\t\t\t\t<\/a>\n\t\t\t\t<\/div>\n\t\t\t\t\t\t\t\t<\/div>\n\t\t\t\t<\/div>\n\t\t\t\t<\/div>\n\t\t\t\t<\/div>\n\t\t\t\t<\/div>\n\t\t\t\t\t<\/div>\n\t\t\t\t<\/div>\n\t\t<div class=\"elementor-element elementor-element-157ce8b e-flex e-con-boxed e-con e-parent\" data-id=\"157ce8b\" data-element_type=\"container\" data-e-type=\"container\" data-settings=\"{&quot;background_background&quot;:&quot;classic&quot;}\">\n\t\t\t\t\t<div class=\"e-con-inner\">\n\t\t<div class=\"elementor-element elementor-element-e69be3c e-con-full e-flex e-con e-child\" data-id=\"e69be3c\" data-element_type=\"container\" data-e-type=\"container\">\n\t\t\t\t<div class=\"elementor-element elementor-element-bf40529 thim-ekits-heading-text-center elementor-widget thim-ekits-heading elementor-widget-thim-heading\" data-id=\"bf40529\" data-element_type=\"widget\" data-e-type=\"widget\" data-widget_type=\"thim-heading.default\">\n\t\t\t\t<div class=\"elementor-widget-container\">\n\t\t\t\t\t<div class=\"sc_heading text-center\"><h2 class=\"title\">\u00dcber mich <\/h2><\/div>\t\t\t\t<\/div>\n\t\t\t\t<\/div>\n\t\t<div class=\"elementor-element elementor-element-f8967be e-con-full e-flex e-con e-child\" data-id=\"f8967be\" data-element_type=\"container\" data-e-type=\"container\">\n\t\t<div class=\"elementor-element elementor-element-63e22c9 e-con-full e-flex e-con e-child\" data-id=\"63e22c9\" data-element_type=\"container\" data-e-type=\"container\">\n\t\t\t\t<div class=\"elementor-element elementor-element-eddd34c elementor-widget elementor-widget-text-editor\" data-id=\"eddd34c\" data-element_type=\"widget\" data-e-type=\"widget\" data-widget_type=\"text-editor.default\">\n\t\t\t\t<div class=\"elementor-widget-container\">\n\t\t\t\t\t\t\t\t\t<p>Ich bin Kateryna Sch\u00f6nh\u00f6fer (geb. Rogova), eine leidenschaftliche Sprachlehrerin und TELC-Pr\u00fcferin in Deutsch als Fremdsprache\/ Zweitsprache. Seit 11 Jahren unterrichte ich als freiberufliche Lehrerin Deutsch an unterschiedlichen Sprachschulen, wie z. B. an Volkshochschulen in Hessen und Bayern und an staatlichen Bildungszentren.<\/p><p>Urspr\u00fcnglich komme ich aus der Ukraine. Schon als Schulkind bin ich in den Sommerferien nach Deutschland gereist und habe bei einer deutschen Familie 2 Wochen verbracht. Ich hatte die M\u00f6glichkeit mehr \u00fcber das Land zu erfahren und neue Menschen kennen zu lernen. Dieses Land und dessen Kultur haben mich so fasziniert, dass es sp\u00e4ter meine Zukunft und die Berufsauswahl beeinflusste.<\/p><p>Den Abschluss Master in DaF\/DaZ habe ich an der Philipps Universit\u00e4t Marburg erlangt. Mein erstes Praktikum durfte ich mit den Erasmus-Studierenden durchf\u00fchren und die erste Berufserfahrung in Integrationskursen sammeln. \u00a0<\/p><p>Es macht mir gro\u00dfe Freude, meine Sprachsch\u00fcler auf ihrem Weg zur besseren Sprachkompetenz zu begleiten und zu unterst\u00fctzen. \u00a0<\/p>\t\t\t\t\t\t\t\t<\/div>\n\t\t\t\t<\/div>\n\t\t\t\t<\/div>\n\t\t<div class=\"elementor-element elementor-element-b8604a8 e-con-full e-flex e-con e-child\" data-id=\"b8604a8\" data-element_type=\"container\" data-e-type=\"container\">\n\t\t\t\t<div class=\"elementor-element elementor-element-6c8b105 elementor-widget elementor-widget-image\" data-id=\"6c8b105\" data-element_type=\"widget\" data-e-type=\"widget\" data-widget_type=\"image.default\">\n\t\t\t\t<div class=\"elementor-widget-container\">\n\t\t\t\t\t\t\t\t\t\t\t\t\t\t\t<img fetchpriority=\"high\" decoding=\"async\" width=\"640\" height=\"853\" src=\"https:\/\/deutschimquadrat.com\/wp-content\/uploads\/2025\/02\/Ueber-mich-2-768x1023.jpg\" class=\"attachment-medium_large size-medium_large wp-image-25492\" alt=\"Kateryna Sch\u00f6nh\u00f6fer\" srcset=\"https:\/\/deutschimquadrat.com\/wp-content\/uploads\/2025\/02\/Ueber-mich-2-768x1023.jpg 768w, https:\/\/deutschimquadrat.com\/wp-content\/uploads\/2025\/02\/Ueber-mich-2-270x360.jpg 270w, https:\/\/deutschimquadrat.com\/wp-content\/uploads\/2025\/02\/Ueber-mich-2-769x1024.jpg 769w, https:\/\/deutschimquadrat.com\/wp-content\/uploads\/2025\/02\/Ueber-mich-2-300x400.jpg 300w, https:\/\/deutschimquadrat.com\/wp-content\/uploads\/2025\/02\/Ueber-mich-2-1153x1536.jpg 1153w, https:\/\/deutschimquadrat.com\/wp-content\/uploads\/2025\/02\/Ueber-mich-2-645x859.jpg 645w, https:\/\/deutschimquadrat.com\/wp-content\/uploads\/2025\/02\/Ueber-mich-2.jpg 1426w\" sizes=\"(max-width: 640px) 100vw, 640px\" \/>\t\t\t\t\t\t\t\t\t\t\t\t\t\t\t<\/div>\n\t\t\t\t<\/div>\n\t\t\t\t<\/div>\n\t\t\t\t<\/div>\n\t\t\t\t<\/div>\n\t\t\t\t\t<\/div>\n\t\t\t\t<\/div>\n\t\t<div class=\"elementor-element elementor-element-81ed525 e-flex e-con-boxed e-con e-parent\" data-id=\"81ed525\" data-element_type=\"container\" data-e-type=\"container\" data-settings=\"{&quot;background_background&quot;:&quot;classic&quot;}\">\n\t\t\t\t\t<div class=\"e-con-inner\">\n\t\t<div class=\"elementor-element elementor-element-1231e50 e-con-full e-flex e-con e-child\" data-id=\"1231e50\" data-element_type=\"container\" data-e-type=\"container\">\n\t\t\t\t<div class=\"elementor-element elementor-element-eedd86f thim-ekits-heading-text-center elementor-widget thim-ekits-heading elementor-widget-thim-heading\" data-id=\"eedd86f\" data-element_type=\"widget\" data-e-type=\"widget\" data-widget_type=\"thim-heading.default\">\n\t\t\t\t<div class=\"elementor-widget-container\">\n\t\t\t\t\t<div class=\"sc_heading text-center\"><h2 class=\"title\">Was unsere Sch\u00fcler sagen <\/h2><\/div>\t\t\t\t<\/div>\n\t\t\t\t<\/div>\n\t\t\t\t<div class=\"elementor-element elementor-element-2b7731a elementor-widget elementor-widget-thim-ekits-testimonial\" data-id=\"2b7731a\" data-element_type=\"widget\" data-e-type=\"widget\" data-settings=\"{&quot;slidesPerView&quot;:1,&quot;slidesPerGroup&quot;:1,&quot;slider_speed&quot;:3000,&quot;slider_show_arrow&quot;:&quot;yes&quot;,&quot;slider_loop&quot;:&quot;yes&quot;,&quot;slidesPerView_mobile&quot;:1,&quot;slidesPerGroup_tablet&quot;:1,&quot;slidesPerGroup_mobile&quot;:1,&quot;slider_show_pagination&quot;:&quot;bullets&quot;,&quot;spaceBetween&quot;:30}\" data-widget_type=\"thim-ekits-testimonial.default\">\n\t\t\t\t<div class=\"elementor-widget-container\">\n\t\t\t\t\t<div class=\"thim-slider-pagination \t\t\t\tthim-bullets\"><\/div>\n\t\t\t\n\t\t<div class=\"thim-slider-nav thim-slider-nav-prev\t\t\t hidden-nav-mobile\">\n\t\t\t<i aria-hidden=\"true\" class=\"tk tk-arrow-left\"><\/i><\/div>\n\n<div class=\"thim-slider-nav thim-slider-nav-next\t\t\t hidden-nav-mobile\">\n\t\t\t<i aria-hidden=\"true\" class=\"tk tk-arrow-right\"><\/i><\/div>\n\t\t\t\t\t<div\n\t\t\tclass=\"thim-ekits-testimonial__inner thim-ekits-sliders swiper-container\">\n\t\t\t<div class=\"thim-ekits-testimonial__content swiper-wrapper\">\n\t\t\t\t\t\t<div class=\"thim-ekits-testimonial__article-avatar-left_client_name swiper-slide\">\n\t\t\t\t\t\t<div class=\"thim-ekits-testimonial__inner_client\">\n\t\t\t\t\t\t\t<div class=\"thim-ekits-testimonial__client-content\">\n\t\t\t\t<div>Ich m\u00f6chte dir einfach mal danken f\u00fcr alles! Du bist unglaublich flei\u00dfig und klug, gibst immer viele n\u00fctzliche Informationen und erkl\u00e4rst schwierige Sachen so, dass es verst\u00e4ndlich wird.\u00a0<br \/>Dank dir habe ich endlich angefangen Deutsch zu sprechen und das Lernen zu lieben.<\/div><div>Ich danke dir wirklich sehr, du bist die Beste!<\/div>\t\t\t<\/div>\n\t\t\t\n\t\t\t\t\t\t\t\t\t<div class=\"wrapper-client-info\">\n\t\t\t\t\t\t\t\t<div class=\"thim-ekits-testimonial__avatar\">\n\t\t\t\t<div class=\"thim-ekits-testimonial__image\">\n\t\t\t\t\t\t\t\t\t<\/div>\n\t\t\t<\/div>\n\t\t\t\t\t\t\t<div class=\"thim-ekits-testimonial__client-info\">\n\t\t\t\t\t\t<p class=\"thim-ekits-testimonial__name\">Z.<\/p>\t\t\t\t\t\t\t\t\t\t\t<\/div>\n\t\t\t\t\t\t\t\t\t\t<\/div>\n\t\t\t\t\n\t\t\t\t\t\t\t<\/div>\n\t\t\t\t\t<div class=\"thim-ekits-testimonial__quote-icon\">\n\t\t\t<svg xmlns=\"http:\/\/www.w3.org\/2000\/svg\" width=\"49\" height=\"48\" viewbox=\"0 0 49 48\" fill=\"none\"><path d=\"M16.1051 41.5462H10.4001C7.1577 41.5462 4.5 38.9062 4.5 35.6462V25.3698C4.5 24.6434 5.1024 24.041 5.82883 24.041H16.1051C19.4715 24.041 22.0052 26.5747 22.0052 29.941V35.6462C21.9874 39.0125 19.4538 41.5462 16.1051 41.5462ZM7.15767 26.7164V35.6639C7.15767 37.4534 8.61056 38.9062 10.4001 38.9062H16.1051C17.9832 38.9062 19.3475 37.542 19.3475 35.6639V29.9588C19.3475 28.0807 17.9832 26.7164 16.1051 26.7164H7.15767Z\" fill=\"#6F768E\"><\/path><path d=\"M5.82883 26.7165C5.1024 26.7165 4.5 26.1141 4.5 25.3876C4.5 14.314 6.75019 11.9931 13.1817 8.18374C13.8196 7.81167 14.6345 8.0243 15.0066 8.64442C15.3787 9.28226 15.1661 10.0972 14.5459 10.4693C8.80538 13.8711 7.15767 15.2885 7.15767 25.3876C7.15767 26.1141 6.55526 26.7165 5.82883 26.7165Z\" fill=\"#6F768E\"><\/path><path d=\"M38.6 41.5462H32.8949C29.6525 41.5462 26.9949 38.9062 26.9949 35.6462V25.3698C26.9949 24.6434 27.5973 24.041 28.3237 24.041H38.6C41.9664 24.041 44.5 26.5747 44.5 29.941V35.6462C44.5 39.0125 41.9664 41.5462 38.6 41.5462ZM29.6703 26.7164V35.6639C29.6703 37.4534 31.1231 38.9062 32.9126 38.9062H38.6177C40.4958 38.9062 41.8601 37.542 41.8601 35.6639V29.9588C41.8601 28.0807 40.4958 26.7164 38.6177 26.7164H29.6703Z\" fill=\"#6F768E\"><\/path><path d=\"M28.3375 26.7165C27.6111 26.7165 27.0087 26.1141 27.0087 25.3876C27.0087 14.314 29.2588 11.9931 35.6904 8.18374C36.3282 7.81167 37.1432 8.0243 37.5153 8.64442C37.8874 9.28226 37.6748 10.0972 37.0546 10.4693C31.3141 13.8711 29.6663 15.2885 29.6663 25.3876C29.6663 26.1141 29.0639 26.7165 28.3375 26.7165Z\" fill=\"#6F768E\"><\/path><\/svg>\t\t<\/div>\n\t\t<\/div>\n\t\t\t\t<\/div>\n\t\t<\/div>\n\n\t\t\t\t\t<\/div>\n\t\t\t\t<\/div>\n\t\t\t\t<\/div>\n\t\t\t\t\t<\/div>\n\t\t\t\t<\/div>\n\t\t<div class=\"elementor-element elementor-element-e1d1a42 e-flex e-con-boxed e-con e-parent\" data-id=\"e1d1a42\" data-element_type=\"container\" data-e-type=\"container\">\n\t\t\t\t\t<div class=\"e-con-inner\">\n\t\t\t\t\t<\/div>\n\t\t\t\t<\/div>\n\t\t\t\t<\/div>","protected":false},"excerpt":{"rendered":"<p>Deine Sprachreise beginnt hier Deutschimquadrat Course categories Pick a subject and start learning Lass dich auf deiner Sprachreise begleiten Willkommen bei DEUTSCHQUADRAT, deiner pers\u00f6nlichen E-Learning-Plattform zum Deutschlernen! Mit interaktiven Lektionen, praxisnahen und individuell f\u00fcr dich konzipierten \u00dcbungen helfen wir dir, &hellip; <\/p>","protected":false},"author":2,"featured_media":584,"parent":0,"menu_order":0,"comment_status":"closed","ping_status":"closed","template":"elementor_header_footer","meta":{"footnotes":""},"class_list":["post-13907","page","type-page","status-publish","has-post-thumbnail","hentry"],"_links":{"self":[{"href":"https:\/\/deutschimquadrat.com\/en\/wp-json\/wp\/v2\/pages\/13907","targetHints":{"allow":["GET"]}}],"collection":[{"href":"https:\/\/deutschimquadrat.com\/en\/wp-json\/wp\/v2\/pages"}],"about":[{"href":"https:\/\/deutschimquadrat.com\/en\/wp-json\/wp\/v2\/types\/page"}],"author":[{"embeddable":true,"href":"https:\/\/deutschimquadrat.com\/en\/wp-json\/wp\/v2\/users\/2"}],"replies":[{"embeddable":true,"href":"https:\/\/deutschimquadrat.com\/en\/wp-json\/wp\/v2\/comments?post=13907"}],"version-history":[{"count":58,"href":"https:\/\/deutschimquadrat.com\/en\/wp-json\/wp\/v2\/pages\/13907\/revisions"}],"predecessor-version":[{"id":25853,"href":"https:\/\/deutschimquadrat.com\/en\/wp-json\/wp\/v2\/pages\/13907\/revisions\/25853"}],"wp:featuredmedia":[{"embeddable":true,"href":"https:\/\/deutschimquadrat.com\/en\/wp-json\/wp\/v2\/media\/584"}],"wp:attachment":[{"href":"https:\/\/deutschimquadrat.com\/en\/wp-json\/wp\/v2\/media?parent=13907"}],"curies":[{"name":"wp","href":"https:\/\/api.w.org\/{rel}","templated":true}]}}